{"id":3751,"date":"2016-02-15T11:37:02","date_gmt":"2016-02-15T10:37:02","guid":{"rendered":"http:\/\/www.danielgander.com\/blog\/?page_id=3751"},"modified":"2022-08-19T09:01:06","modified_gmt":"2022-08-19T07:01:06","slug":"impressum","status":"publish","type":"page","link":"https:\/\/www.danielgander.com\/blog\/impressum\/","title":{"rendered":"Impressum"},"content":{"rendered":"\n<p class=\"adsimple-121173563\">Inhaber der Domain <em>danielgander.com<\/em> ist:<\/p>\n\n\n\n<blockquote class=\"wp-block-quote is-layout-flow wp-block-quote-is-layout-flow\"><p>Dipl.-Ing. Daniel Gander<\/p><\/blockquote>\n\n\n\n<p>Hier geht es zum <a href=\"https:\/\/www.danielgander.com\/blog\/contact\/\" >E-Mail-Kontaktformular<\/a>.<\/p>\n\n\n\n<h1 class=\"wp-block-heading\">Haftung f\u00fcr Links und Inhalte dieser Website<\/h1>\n\n\n\n<p><em>danielgander.com<\/em> ist eine privat betriebene Seite und dient keinem kommerziellen Zweck. Inhalte&nbsp;Dritter, die auf <em>danielgander.com<\/em> allenfalls zu finden bzw. \u00fcber <em>danielgander.com<\/em> zug\u00e4nglich sind, werden lediglich mit gew\u00f6hnlicher und zumutbarer Sorgfalt gepr\u00fcft. Inhalte von Seiten, auf die via Link verwiesen wird, werden nicht gepr\u00fcft. Eine Haftung ist insoweit ausgeschlossen.<\/p>\n\n\n\n<p>Wenn Ihnen problematische Inhalte oder rechtswidrige Links auf meiner Website auffallen, bitte ich Sie mich zu kontaktieren.<\/p>\n\n\n\n<h1 class=\"wp-block-heading\">Urheberrechtshinweis<\/h1>\n\n\n\n<p>Alle Inhalte dieser Webseite (Bilder, Fotos, Texte, Videos) unterliegen dem Urheberrecht. Falls notwendig, werde ich die unerlaubte Nutzung von Teilen der Inhalte unserer Seite rechtlich verfolgen.<\/p>\n\n\n\n<p>Sollten Sie auf dieser Webseite Inhalte finden, die das Urheberrecht verletzen, bitten ich Sie mich zu kontaktieren.<\/p>\n\n\n\n<h1 class=\"wp-block-heading\">Datenschutzerkl\u00e4rung<\/h1>\n\n\n\n<p>Hier geht&#8217;s zur <a href=\"https:\/\/www.danielgander.com\/blog\/privacy-policy\/\"  data-type=\"page\" data-id=\"4584\">Datenschutzerkl\u00e4rung<\/a>.<\/p>\n","protected":false},"excerpt":{"rendered":"<p>Inhaber der Domain danielgander.com ist: Dipl.-Ing. Daniel Gander Hier geht es zum E-Mail-Kontaktformular. Haftung f\u00fcr Links und Inhalte dieser Website danielgander.com ist eine privat betriebene Seite und dient keinem kommerziellen Zweck. Inhalte&nbsp;Dritter, die auf danielgander.com allenfalls zu finden bzw. \u00fcber danielgander.com zug\u00e4nglich sind, werden lediglich mit gew\u00f6hnlicher und zumutbarer Sorgfalt gepr\u00fcft. Inhalte von Seiten, auf&hellip; <\/p>\n<p><a href=\"https:\/\/www.danielgander.com\/blog\/impressum\/\"  title='Permanent link to Impressum' class='more-link'>Continue Reading &rarr;<\/a><\/p>\n","protected":false},"author":5,"featured_media":0,"parent":0,"menu_order":0,"comment_status":"closed","ping_status":"closed","template":"","meta":{"footnotes":""},"class_list":["post-3751","page","type-page","status-publish","hentry","lock-1"],"_links":{"self":[{"href":"https:\/\/www.danielgander.com\/blog\/wp-json\/wp\/v2\/pages\/3751","targetHints":{"allow":["GET"]}}],"collection":[{"href":"https:\/\/www.danielgander.com\/blog\/wp-json\/wp\/v2\/pages"}],"about":[{"href":"https:\/\/www.danielgander.com\/blog\/wp-json\/wp\/v2\/types\/page"}],"author":[{"embeddable":true,"href":"https:\/\/www.danielgander.com\/blog\/wp-json\/wp\/v2\/users\/5"}],"replies":[{"embeddable":true,"href":"https:\/\/www.danielgander.com\/blog\/wp-json\/wp\/v2\/comments?post=3751"}],"version-history":[{"count":2,"href":"https:\/\/www.danielgander.com\/blog\/wp-json\/wp\/v2\/pages\/3751\/revisions"}],"predecessor-version":[{"id":4680,"href":"https:\/\/www.danielgander.com\/blog\/wp-json\/wp\/v2\/pages\/3751\/revisions\/4680"}],"wp:attachment":[{"href":"https:\/\/www.danielgander.com\/blog\/wp-json\/wp\/v2\/media?parent=3751"}],"curies":[{"name":"wp","href":"https:\/\/api.w.org\/{rel}","templated":true}]}}