{"id":2563,"date":"2012-09-14T17:51:54","date_gmt":"2012-09-14T15:51:54","guid":{"rendered":"http:\/\/www.danielgander.com\/blog\/?page_id=2563"},"modified":"2025-10-21T21:14:57","modified_gmt":"2025-10-21T19:14:57","slug":"contact","status":"publish","type":"page","link":"https:\/\/www.danielgander.com\/blog\/contact\/","title":{"rendered":"Contact"},"content":{"rendered":"<p>Sie wollen mir ein E-Mail schreiben, mich kontaktieren oder Feedback zum Blog abgeben? Nutzen Sie das folgende Formular dazu. Ich werde Ihnen so bald wie m\u00f6glich antworten.<\/p>\n<p>F\u00f6rmlichkeiten sind etwas f\u00fcr f\u00f6rmliche Anl\u00e4sse. Schreiben Sie &#8220;Hallo Daniel&#8221;.<\/p>\n\n<style id=\"wpforms-css-vars-4725-block-e4d51456-223b-4538-a0bd-fa4e828d572f\">\n\t\t\t\t#wpforms-4725.wpforms-block-e4d51456-223b-4538-a0bd-fa4e828d572f {\n\t\t\t\t--wpforms-label-color: #262626;\n--wpforms-label-sublabel-color: #7f7f7f;\n--wpforms-label-error-color: #ff0000;\n--wpforms-page-break-color: #dddddd;\n--wpforms-field-border-radius: 0px;\n--wpforms-field-border-color: #cccccc;\n--wpforms-field-border-color-spare: #cccccc;\n--wpforms-field-text-color: #444444;\n--wpforms-button-border-style: solid;\n--wpforms-button-border-radius: 0px;\n--wpforms-button-background-color: #dddddd;\n--wpforms-button-text-color: #666666;\n--wpforms-button-border-color: #cccccc;\n--wpforms-field-size-input-height: 43px;\n--wpforms-field-size-input-spacing: 15px;\n--wpforms-field-size-font-size: 16px;\n--wpforms-field-size-line-height: 19px;\n--wpforms-field-size-padding-h: 14px;\n--wpforms-field-size-checkbox-size: 16px;\n--wpforms-field-size-sublabel-spacing: 5px;\n--wpforms-field-size-icon-size: 1;\n--wpforms-label-size-font-size: 14px;\n--wpforms-label-size-line-height: 17px;\n--wpforms-label-size-sublabel-font-size: 13px;\n--wpforms-label-size-sublabel-line-height: 16px;\n--wpforms-button-size-font-size: 17px;\n--wpforms-button-size-height: 41px;\n--wpforms-button-size-padding-h: 15px;\n--wpforms-button-size-margin-top: 10px;\n\t\t\t}\n\t\t\t<\/style><div class=\"wpforms-container wpforms-container-full wpforms-block wpforms-block-e4d51456-223b-4538-a0bd-fa4e828d572f wpforms-render-modern\" id=\"wpforms-4725\"><form id=\"wpforms-form-4725\" class=\"wpforms-validate wpforms-form wpforms-ajax-form\" data-formid=\"4725\" method=\"post\" enctype=\"multipart\/form-data\" action=\"\/blog\/wp-json\/wp\/v2\/pages\/2563\" data-token=\"fe38c7cd89671e6455eb2e958366738e\" data-token-time=\"1777468739\"><noscript class=\"wpforms-error-noscript\">Please enable JavaScript in your browser to complete this form.<\/noscript><div id=\"wpforms-error-noscript\" style=\"display: none;\">Please enable JavaScript in your browser to complete this form.<\/div><div class=\"wpforms-field-container\"><div id=\"wpforms-4725-field_1-container\" class=\"wpforms-field wpforms-field-name\" data-field-id=\"1\"><label class=\"wpforms-field-label\" for=\"wpforms-4725-field_1\">Name <span class=\"wpforms-required-label\" aria-hidden=\"true\">*<\/span><\/label><input type=\"text\" id=\"wpforms-4725-field_1\" class=\"wpforms-field-medium wpforms-field-required\" name=\"wpforms[fields][1]\" aria-errormessage=\"wpforms-4725-field_1-error\" required><\/div><div id=\"wpforms-4725-field_2-container\" class=\"wpforms-field wpforms-field-email\" data-field-id=\"2\"><label class=\"wpforms-field-label\" for=\"wpforms-4725-field_2\">Email <span class=\"wpforms-required-label\" aria-hidden=\"true\">*<\/span><\/label><input type=\"email\" id=\"wpforms-4725-field_2\" class=\"wpforms-field-medium wpforms-field-required\" name=\"wpforms[fields][2]\" spellcheck=\"false\" aria-errormessage=\"wpforms-4725-field_2-error\" required><\/div><div id=\"wpforms-4725-field_4-container\" class=\"wpforms-field wpforms-field-text\" data-field-id=\"4\"><label class=\"wpforms-field-label\" for=\"wpforms-4725-field_4\">Betreff \/ Subject <span class=\"wpforms-required-label\" aria-hidden=\"true\">*<\/span><\/label><input type=\"text\" id=\"wpforms-4725-field_4\" class=\"wpforms-field-medium wpforms-field-required\" name=\"wpforms[fields][4]\" aria-errormessage=\"wpforms-4725-field_4-error\" required><\/div>\t\t<div id=\"wpforms-4725-field_5-container\"\n\t\t\tclass=\"wpforms-field wpforms-field-text\"\n\t\t\tdata-field-type=\"text\"\n\t\t\tdata-field-id=\"5\"\n\t\t\t>\n\t\t\t<label class=\"wpforms-field-label\" for=\"wpforms-4725-field_5\" >Nachricht \/ \/<\/label>\n\t\t\t<input type=\"text\" id=\"wpforms-4725-field_5\" class=\"wpforms-field-medium\" name=\"wpforms[fields][5]\" >\n\t\t<\/div>\n\t\t<div id=\"wpforms-4725-field_3-container\" class=\"wpforms-field wpforms-field-textarea\" data-field-id=\"3\"><label class=\"wpforms-field-label\" for=\"wpforms-4725-field_3\">Nachricht \/ Message <span class=\"wpforms-required-label\" aria-hidden=\"true\">*<\/span><\/label><textarea id=\"wpforms-4725-field_3\" class=\"wpforms-field-large wpforms-field-required\" name=\"wpforms[fields][3]\" aria-errormessage=\"wpforms-4725-field_3-error\" required><\/textarea><\/div><script>\n\t\t\t\t( function() {\n\t\t\t\t\tconst style = document.createElement( 'style' );\n\t\t\t\t\tstyle.appendChild( document.createTextNode( '#wpforms-4725-field_5-container { position: absolute !important; overflow: hidden !important; display: inline !important; height: 1px !important; width: 1px !important; z-index: -1000 !important; padding: 0 !important; } #wpforms-4725-field_5-container input { visibility: hidden; } #wpforms-conversational-form-page #wpforms-4725-field_5-container label { counter-increment: none; }' ) );\n\t\t\t\t\tdocument.head.appendChild( style );\n\t\t\t\t\tdocument.currentScript?.remove();\n\t\t\t\t} )();\n\t\t\t<\/script><\/div><!-- .wpforms-field-container --><div class=\"wpforms-submit-container\" ><input type=\"hidden\" name=\"wpforms[id]\" value=\"4725\"><input type=\"hidden\" name=\"page_title\" value=\"\"><input type=\"hidden\" name=\"page_url\" value=\"https:\/\/www.danielgander.com\/blog\/wp-json\/wp\/v2\/pages\/2563\"><input type=\"hidden\" name=\"url_referer\" value=\"\"><button type=\"submit\" name=\"wpforms[submit]\" id=\"wpforms-submit-4725\" class=\"wpforms-submit\" data-alt-text=\"Wird gesendet... \/ Sending...\" data-submit-text=\"Senden \/ Submit\" aria-live=\"assertive\" value=\"wpforms-submit\">Senden \/ Submit<\/button><img loading=\"lazy\" decoding=\"async\" src=\"https:\/\/www.danielgander.com\/blog\/wp-content\/plugins\/wpforms-lite\/assets\/images\/submit-spin.svg\" class=\"wpforms-submit-spinner\" style=\"display: none;\" width=\"26\" height=\"26\" alt=\"Loading\"><\/div><\/form><\/div>  <!-- .wpforms-container -->","protected":false},"excerpt":{"rendered":"<p>Sie wollen mir ein E-Mail schreiben, mich kontaktieren oder Feedback zum Blog abgeben? Nutzen Sie das folgende Formular dazu. Ich werde Ihnen so bald wie m\u00f6glich antworten. F\u00f6rmlichkeiten sind etwas f\u00fcr f\u00f6rmliche Anl\u00e4sse. Schreiben Sie &#8220;Hallo Daniel&#8221;.<\/p>\n","protected":false},"author":5,"featured_media":0,"parent":0,"menu_order":2,"comment_status":"closed","ping_status":"closed","template":"","meta":{"footnotes":""},"class_list":["post-2563","page","type-page","status-publish","hentry","lock-1"],"_links":{"self":[{"href":"https:\/\/www.danielgander.com\/blog\/wp-json\/wp\/v2\/pages\/2563","targetHints":{"allow":["GET"]}}],"collection":[{"href":"https:\/\/www.danielgander.com\/blog\/wp-json\/wp\/v2\/pages"}],"about":[{"href":"https:\/\/www.danielgander.com\/blog\/wp-json\/wp\/v2\/types\/page"}],"author":[{"embeddable":true,"href":"https:\/\/www.danielgander.com\/blog\/wp-json\/wp\/v2\/users\/5"}],"replies":[{"embeddable":true,"href":"https:\/\/www.danielgander.com\/blog\/wp-json\/wp\/v2\/comments?post=2563"}],"version-history":[{"count":3,"href":"https:\/\/www.danielgander.com\/blog\/wp-json\/wp\/v2\/pages\/2563\/revisions"}],"predecessor-version":[{"id":4739,"href":"https:\/\/www.danielgander.com\/blog\/wp-json\/wp\/v2\/pages\/2563\/revisions\/4739"}],"wp:attachment":[{"href":"https:\/\/www.danielgander.com\/blog\/wp-json\/wp\/v2\/media?parent=2563"}],"curies":[{"name":"wp","href":"https:\/\/api.w.org\/{rel}","templated":true}]}}